{"id":2,"date":"2021-03-30T06:09:43","date_gmt":"2021-03-30T06:09:43","guid":{"rendered":"https:\/\/dev.classic-yachten.de\/?page_id=2"},"modified":"2021-11-24T13:21:09","modified_gmt":"2021-11-24T13:21:09","slug":"leistungsspektrum","status":"publish","type":"page","link":"https:\/\/dev.classic-yachten.de\/index.php\/leistungsspektrum\/","title":{"rendered":"Leistungsspektrum"},"content":{"rendered":"\n<h2 class=\"wp-block-heading\">Qualit\u00e4t und Zuverl\u00e4ssigkeit<\/h2>\n\n\n\n<figure class=\"wp-block-image size-full\"><img loading=\"lazy\" decoding=\"async\" width=\"500\" height=\"200\" src=\"https:\/\/dev.classic-yachten.de\/wp-content\/uploads\/2021\/08\/Nasses-Deck.jpg\" alt=\"nasses Deck\" class=\"wp-image-109\" srcset=\"https:\/\/dev.classic-yachten.de\/wp-content\/uploads\/2021\/08\/Nasses-Deck.jpg 500w, https:\/\/dev.classic-yachten.de\/wp-content\/uploads\/2021\/08\/Nasses-Deck-300x120.jpg 300w, https:\/\/dev.classic-yachten.de\/wp-content\/uploads\/2021\/08\/Nasses-Deck-150x60.jpg 150w\" sizes=\"auto, (max-width: 500px) 100vw, 500px\" \/><\/figure>\n\n\n\n<p>Qualit\u00e4t und Zuverl\u00e4ssigkeit in der Ausf\u00fchrung unserer Arbeit sind das wichtigste Merkmal unserer Werft. Mit den klassischen Linien vergangener Zeiten und moderner Technik der heutigen Zeit, bauen wir Boote, die bei unsere Kunden eine lange Zukunft haben. Wir f\u00fchren eine Bootbaubautradition mit mehr als 30 Jahren Erfahrung fort.&nbsp; RW-Yachten sind mit ihrem edlen Holzausbau \u00fcber Wasser Oldtimer und durch innovatives Design unter Wasser moderne, schnelle und sportliche Yachten. RW Yachten bieten viele Vorteile:<\/p>\n\n\n\n<ul class=\"wp-block-list\"><li>Klassischer Linienriss<\/li><li>Edle Optik<\/li><li>Moderne Technik<\/li><li>Pflegeleichter Rumpf<\/li><li>Ideale Segeleigenschaften<\/li><li>Gut Trailerbar<\/li><\/ul>\n\n\n\n<p>Neben dem&nbsp;<strong>Neubau der RW Boote&nbsp;<\/strong>bieten wir noch folgende Leistungen f\u00fcr unsere Kunden an:<\/p>\n\n\n\n<ul class=\"wp-block-list\"><li>Restaurierung von Oldtimern<\/li><li>Reparaturen und Wartungsarbeiten an Holz und Kunststoffbooten<\/li><li>Lackarbeiten<\/li><li>Winterlager<\/li><li>Verkauf von Zubeh\u00f6r, einschlie\u00dflich ma\u00dfangefertigter Persenningen<\/li><\/ul>\n\n\n\n<figure class=\"wp-block-gallery columns-3 is-cropped wp-block-gallery-1 is-layout-flex wp-block-gallery-is-layout-flex\"><ul class=\"blocks-gallery-grid\"><li class=\"blocks-gallery-item\"><figure><img loading=\"lazy\" decoding=\"async\" width=\"1024\" height=\"768\" src=\"https:\/\/dev.classic-yachten.de\/wp-content\/uploads\/2021\/08\/BILD0075-1024x768.jpg\" alt=\"\" data-id=\"111\" data-link=\"https:\/\/dev.classic-yachten.de\/index.php\/leistungsspektrum\/traveler\/\" class=\"wp-image-111\" srcset=\"https:\/\/dev.classic-yachten.de\/wp-content\/uploads\/2021\/08\/BILD0075-1024x768.jpg 1024w, https:\/\/dev.classic-yachten.de\/wp-content\/uploads\/2021\/08\/BILD0075-300x225.jpg 300w, https:\/\/dev.classic-yachten.de\/wp-content\/uploads\/2021\/08\/BILD0075-768x576.jpg 768w, https:\/\/dev.classic-yachten.de\/wp-content\/uploads\/2021\/08\/BILD0075-1536x1152.jpg 1536w, https:\/\/dev.classic-yachten.de\/wp-content\/uploads\/2021\/08\/BILD0075-2048x1536.jpg 2048w, https:\/\/dev.classic-yachten.de\/wp-content\/uploads\/2021\/08\/BILD0075-80x60.jpg 80w\" sizes=\"auto, (max-width: 1024px) 100vw, 1024px\" \/><figcaption class=\"blocks-gallery-item__caption\">Bild 1<\/figcaption><\/figure><\/li><li class=\"blocks-gallery-item\"><figure><img loading=\"lazy\" decoding=\"async\" width=\"1024\" height=\"685\" src=\"https:\/\/dev.classic-yachten.de\/wp-content\/uploads\/2021\/08\/DSC_7879-1024x685.jpg\" alt=\"\" data-id=\"113\" data-link=\"https:\/\/dev.classic-yachten.de\/index.php\/leistungsspektrum\/dsc_7879\/\" class=\"wp-image-113\" srcset=\"https:\/\/dev.classic-yachten.de\/wp-content\/uploads\/2021\/08\/DSC_7879-1024x685.jpg 1024w, https:\/\/dev.classic-yachten.de\/wp-content\/uploads\/2021\/08\/DSC_7879-300x201.jpg 300w, https:\/\/dev.classic-yachten.de\/wp-content\/uploads\/2021\/08\/DSC_7879-768x514.jpg 768w, https:\/\/dev.classic-yachten.de\/wp-content\/uploads\/2021\/08\/DSC_7879-1536x1028.jpg 1536w, https:\/\/dev.classic-yachten.de\/wp-content\/uploads\/2021\/08\/DSC_7879-2048x1371.jpg 2048w, https:\/\/dev.classic-yachten.de\/wp-content\/uploads\/2021\/08\/DSC_7879-90x60.jpg 90w\" sizes=\"auto, (max-width: 1024px) 100vw, 1024px\" \/><figcaption class=\"blocks-gallery-item__caption\">Bild 2<\/figcaption><\/figure><\/li><li class=\"blocks-gallery-item\"><figure><img loading=\"lazy\" decoding=\"async\" width=\"1024\" height=\"681\" src=\"https:\/\/dev.classic-yachten.de\/wp-content\/uploads\/2021\/08\/PICT0994-1024x681.jpg\" alt=\"\" data-id=\"114\" data-link=\"https:\/\/dev.classic-yachten.de\/index.php\/leistungsspektrum\/konica-minolta-digital-camera\/\" class=\"wp-image-114\" srcset=\"https:\/\/dev.classic-yachten.de\/wp-content\/uploads\/2021\/08\/PICT0994-1024x681.jpg 1024w, https:\/\/dev.classic-yachten.de\/wp-content\/uploads\/2021\/08\/PICT0994-300x199.jpg 300w, https:\/\/dev.classic-yachten.de\/wp-content\/uploads\/2021\/08\/PICT0994-768x511.jpg 768w, https:\/\/dev.classic-yachten.de\/wp-content\/uploads\/2021\/08\/PICT0994-1536x1021.jpg 1536w, https:\/\/dev.classic-yachten.de\/wp-content\/uploads\/2021\/08\/PICT0994-2048x1362.jpg 2048w, https:\/\/dev.classic-yachten.de\/wp-content\/uploads\/2021\/08\/PICT0994-90x60.jpg 90w\" sizes=\"auto, (max-width: 1024px) 100vw, 1024px\" \/><figcaption class=\"blocks-gallery-item__caption\">Nachtr\u00e4glicher Einbau einer Kaj\u00fcte<\/figcaption><\/figure><\/li><li class=\"blocks-gallery-item\"><figure><img loading=\"lazy\" decoding=\"async\" width=\"1024\" height=\"768\" src=\"https:\/\/dev.classic-yachten.de\/wp-content\/uploads\/2021\/08\/RW-26-Fritz-Summer-056-1024x768.jpg\" alt=\"\" data-id=\"116\" data-full-url=\"https:\/\/dev.classic-yachten.de\/wp-content\/uploads\/2021\/08\/RW-26-Fritz-Summer-056.jpg\" data-link=\"https:\/\/dev.classic-yachten.de\/index.php\/leistungsspektrum\/rw-26-fritz-summer-056\/\" class=\"wp-image-116\" srcset=\"https:\/\/dev.classic-yachten.de\/wp-content\/uploads\/2021\/08\/RW-26-Fritz-Summer-056-1024x768.jpg 1024w, https:\/\/dev.classic-yachten.de\/wp-content\/uploads\/2021\/08\/RW-26-Fritz-Summer-056-300x225.jpg 300w, https:\/\/dev.classic-yachten.de\/wp-content\/uploads\/2021\/08\/RW-26-Fritz-Summer-056-768x576.jpg 768w, https:\/\/dev.classic-yachten.de\/wp-content\/uploads\/2021\/08\/RW-26-Fritz-Summer-056-1536x1152.jpg 1536w, https:\/\/dev.classic-yachten.de\/wp-content\/uploads\/2021\/08\/RW-26-Fritz-Summer-056-80x60.jpg 80w, https:\/\/dev.classic-yachten.de\/wp-content\/uploads\/2021\/08\/RW-26-Fritz-Summer-056.jpg 1600w\" sizes=\"auto, (max-width: 1024px) 100vw, 1024px\" \/><figcaption class=\"blocks-gallery-item__caption\">RW 26<\/figcaption><\/figure><\/li><li class=\"blocks-gallery-item\"><figure><img loading=\"lazy\" decoding=\"async\" width=\"1024\" height=\"768\" src=\"https:\/\/dev.classic-yachten.de\/wp-content\/uploads\/2021\/08\/RW-26-Fritz-Summer-055-1024x768.jpg\" alt=\"\" data-id=\"115\" data-link=\"https:\/\/dev.classic-yachten.de\/index.php\/leistungsspektrum\/rw-26-fritz-summer-055\/\" class=\"wp-image-115\" srcset=\"https:\/\/dev.classic-yachten.de\/wp-content\/uploads\/2021\/08\/RW-26-Fritz-Summer-055-1024x768.jpg 1024w, https:\/\/dev.classic-yachten.de\/wp-content\/uploads\/2021\/08\/RW-26-Fritz-Summer-055-300x225.jpg 300w, https:\/\/dev.classic-yachten.de\/wp-content\/uploads\/2021\/08\/RW-26-Fritz-Summer-055-768x576.jpg 768w, https:\/\/dev.classic-yachten.de\/wp-content\/uploads\/2021\/08\/RW-26-Fritz-Summer-055-1536x1152.jpg 1536w, https:\/\/dev.classic-yachten.de\/wp-content\/uploads\/2021\/08\/RW-26-Fritz-Summer-055-80x60.jpg 80w, https:\/\/dev.classic-yachten.de\/wp-content\/uploads\/2021\/08\/RW-26-Fritz-Summer-055.jpg 1600w\" sizes=\"auto, (max-width: 1024px) 100vw, 1024px\" \/><figcaption class=\"blocks-gallery-item__caption\">RW 26<\/figcaption><\/figure><\/li><\/ul><\/figure>\n","protected":false},"excerpt":{"rendered":"<p>Qualit\u00e4t und Zuverl\u00e4ssigkeit Qualit\u00e4t und Zuverl\u00e4ssigkeit in der Ausf\u00fchrung unserer Arbeit sind das wichtigste Merkmal unserer Werft. Mit den klassischen Linien vergangener Zeiten und moderner Technik der heutigen Zeit, bauen wir Boote, die bei unsere Kunden eine lange Zukunft haben. Wir f\u00fchren eine Bootbaubautradition mit mehr als 30 Jahren Erfahrung fort.&nbsp; RW-Yachten sind mit ihrem &hellip; <\/p>\n","protected":false},"author":1,"featured_media":105,"parent":0,"menu_order":20,"comment_status":"closed","ping_status":"closed","template":"","meta":{"footnotes":""},"class_list":["post-2","page","type-page","status-publish","has-post-thumbnail","hentry"],"_links":{"self":[{"href":"https:\/\/dev.classic-yachten.de\/index.php\/wp-json\/wp\/v2\/pages\/2","targetHints":{"allow":["GET"]}}],"collection":[{"href":"https:\/\/dev.classic-yachten.de\/index.php\/wp-json\/wp\/v2\/pages"}],"about":[{"href":"https:\/\/dev.classic-yachten.de\/index.php\/wp-json\/wp\/v2\/types\/page"}],"author":[{"embeddable":true,"href":"https:\/\/dev.classic-yachten.de\/index.php\/wp-json\/wp\/v2\/users\/1"}],"replies":[{"embeddable":true,"href":"https:\/\/dev.classic-yachten.de\/index.php\/wp-json\/wp\/v2\/comments?post=2"}],"version-history":[{"count":17,"href":"https:\/\/dev.classic-yachten.de\/index.php\/wp-json\/wp\/v2\/pages\/2\/revisions"}],"predecessor-version":[{"id":678,"href":"https:\/\/dev.classic-yachten.de\/index.php\/wp-json\/wp\/v2\/pages\/2\/revisions\/678"}],"wp:featuredmedia":[{"embeddable":true,"href":"https:\/\/dev.classic-yachten.de\/index.php\/wp-json\/wp\/v2\/media\/105"}],"wp:attachment":[{"href":"https:\/\/dev.classic-yachten.de\/index.php\/wp-json\/wp\/v2\/media?parent=2"}],"curies":[{"name":"wp","href":"https:\/\/api.w.org\/{rel}","templated":true}]}}